{"id":1566,"date":"2021-04-20T03:18:16","date_gmt":"2021-04-20T03:18:16","guid":{"rendered":"https:\/\/smartfridge.minibarsystems.com\/smartfridge\/"},"modified":"2021-04-20T03:18:34","modified_gmt":"2021-04-20T03:18:34","slug":"smartfridge","status":"publish","type":"page","link":"https:\/\/smartfridge.minibarsystems.com\/de\/","title":{"rendered":"SmartFridge"},"content":{"rendered":"<p>[et_pb_section fb_built=&#8221;1&#8243; _builder_version=&#8221;4.9.2&#8243; background_image=&#8221;https:\/\/smartfridge.minibarsystems.com\/wp-content\/uploads\/2021\/03\/GuestFridge-Hero-02.jpg&#8221; custom_padding=&#8221;40px||30px||false|false&#8221;][et_pb_row _builder_version=&#8221;4.6.1&#8243; _module_preset=&#8221;default&#8221; custom_margin=&#8221;||||false|false&#8221; custom_padding=&#8221;30px||1px||false|false&#8221;][et_pb_column type=&#8221;4_4&#8243; _builder_version=&#8221;4.6.1&#8243; _module_preset=&#8221;default&#8221;][et_pb_text module_class=&#8221;no-word-break-mobile&#8221; _builder_version=&#8221;4.9.2&#8243; header_font=&#8221;|700|||||||&#8221; header_text_align=&#8221;center&#8221; header_text_color=&#8221;#4F3F36&#8243; header_font_size=&#8221;55px&#8221; header_letter_spacing=&#8221;2px&#8221; header_2_font=&#8221;|600||on|||||&#8221; header_2_text_align=&#8221;center&#8221; header_2_text_color=&#8221;#777777&#8243; header_2_font_size=&#8221;38px&#8221; custom_margin_tablet=&#8221;||-50px||false|false&#8221; custom_margin_phone=&#8221;||||false|false&#8221; custom_margin_last_edited=&#8221;on|phone&#8221; custom_padding_tablet=&#8221;0px||||false|false&#8221; custom_padding_phone=&#8221;0px|0px|20px|0px|false|false&#8221; custom_padding_last_edited=&#8221;on|tablet&#8221; animation_style=&#8221;fade&#8221; animation_duration=&#8221;2000ms&#8221; animation_delay=&#8221;1000ms&#8221; header_text_align_tablet=&#8221;center&#8221; header_text_align_phone=&#8221;center&#8221; header_text_align_last_edited=&#8221;on|phone&#8221; header_font_size_tablet=&#8221;60px&#8221; header_font_size_phone=&#8221;44px&#8221; header_font_size_last_edited=&#8221;on|desktop&#8221; header_2_text_align_tablet=&#8221;center&#8221; header_2_text_align_phone=&#8221;center&#8221; header_2_text_align_last_edited=&#8221;on|phone&#8221; header_2_font_size_tablet=&#8221;36px&#8221; header_2_font_size_phone=&#8221;32px&#8221; header_2_font_size_last_edited=&#8221;on|tablet&#8221; header_text_shadow_style=&#8221;preset1&#8243; header_text_shadow_color=&#8221;rgba(0,0,0,0.25)&#8221;]<\/p>\n<h1>SmartFridge<\/h1>\n<h2>G\u00e4stek\u00fchlschrank f\u00fcr den pers\u00f6nlichen Gebrauch<\/h2>\n<p>[\/et_pb_text][\/et_pb_column][\/et_pb_row][et_pb_row use_custom_gutter=&#8221;on&#8221; gutter_width=&#8221;2&#8243; make_equal=&#8221;on&#8221; custom_padding_last_edited=&#8221;on|desktop&#8221; module_class=&#8221;reverse-columns-mobile&#8221; _builder_version=&#8221;4.9.2&#8243; custom_padding_tablet=&#8221;0px||0px||false|false&#8221; custom_padding_phone=&#8221;&#8221; hover_enabled=&#8221;0&#8243; sticky_enabled=&#8221;0&#8243; custom_padding=&#8221;0px||0px||false|false&#8221;][et_pb_column type=&#8221;4_4&#8243; _builder_version=&#8221;4.6.1&#8243; link_option_url=&#8221;https:\/\/smartfridge.minibarsystems.com\/about-smartbox\/&#8221; border_color_all=&#8221;#aaaaaa&#8221;][et_pb_image src=&#8221;https:\/\/smartfridge.minibarsystems.com\/wp-content\/uploads\/2021\/04\/SmartFridge-Collection.png&#8221; title_text=&#8221;SmartFridge-Sammlung&#8221; align=&#8221;center&#8221; _builder_version=&#8221;4.9.2&#8243; custom_margin_tablet=&#8221;||0px||false|false&#8221; custom_margin_phone=&#8221;&#8221; custom_margin_last_edited=&#8221;on|tablet&#8221; animation_style=&#8221;slide&#8221; animation_direction=&#8221;left&#8221; animation_duration=&#8221;2000ms&#8221; animation_intensity_slide=&#8221;2%&#8221; hover_enabled=&#8221;0&#8243; sticky_enabled=&#8221;0&#8243;][\/et_pb_image][\/et_pb_column][\/et_pb_row][\/et_pb_section][et_pb_section fb_built=&#8221;1&#8243; _builder_version=&#8221;4.9.2&#8243; _module_preset=&#8221;783607ad-fbcf-41b6-925a-c7f30d417632&#8243;][et_pb_row _builder_version=&#8221;4.4.7&#8243;][et_pb_column type=&#8221;4_4&#8243; _builder_version=&#8221;4.4.7&#8243;][et_pb_text _builder_version=&#8221;4.9.2&#8243; header_2_text_align=&#8221;center&#8221; header_2_text_color=&#8221;#ffffff&#8221; header_2_font_size=&#8221;36px&#8221; custom_margin=&#8221;||19px|||&#8221; header_2_font_size_tablet=&#8221;32px&#8221; header_2_font_size_phone=&#8221;30px&#8221; header_2_font_size_last_edited=&#8221;on|tablet&#8221;]<\/p>\n<h2>SmartFridge &#8211; \u00dcBER<\/h2>\n<p>[\/et_pb_text][\/et_pb_column][\/et_pb_row][\/et_pb_section][et_pb_section fb_built=&#8221;1&#8243; _builder_version=&#8221;4.9.2&#8243; background_color=&#8221;#ffffff&#8221; use_background_color_gradient=&#8221;on&#8221; background_color_gradient_start=&#8221;rgba(255,255,255,0.9)&#8221; background_color_gradient_end=&#8221;rgba(255,255,255,0.9)&#8221; background_color_gradient_overlays_image=&#8221;on&#8221; background_image=&#8221;https:\/\/smartfridge.minibarsystems.com\/wp-content\/uploads\/2021\/03\/circuits-bgr-02.jpg&#8221; min_height=&#8221;691px&#8221; custom_padding=&#8221;75px||50px||false|false&#8221; custom_css_main_element=&#8221;background-repeat: no-repeat;||background-attachment: fixed;||background-position: center right;||background-size: initial;&#8221;][et_pb_row use_custom_gutter=&#8221;on&#8221; gutter_width=&#8221;2&#8243; make_equal=&#8221;on&#8221; _builder_version=&#8221;4.9.2&#8243; use_background_color_gradient=&#8221;on&#8221; background_color_gradient_start=&#8221;rgba(255,255,255,0.85)&#8221; background_color_gradient_end=&#8221;rgba(255,255,255,0.85)&#8221; background_color_gradient_overlays_image=&#8221;on&#8221; background_image=&#8221;https:\/\/smartfridge.minibarsystems.com\/wp-content\/uploads\/2021\/03\/brg-02.jpg&#8221; custom_margin=&#8221;0px||||false|false&#8221; custom_padding=&#8221;50px|25px|150px|25px|false|false&#8221; border_width_all=&#8221;2px&#8221; border_color_all=&#8221;#FFFFFF&#8221; box_shadow_style=&#8221;preset3&#8243;][et_pb_column type=&#8221;4_4&#8243; _builder_version=&#8221;4.9.2&#8243; transform_styles__hover_enabled=&#8221;on|hover&#8221; transform_scale__hover_enabled=&#8221;on|hover&#8221; transform_translate__hover_enabled=&#8221;on|desktop&#8221; transform_rotate__hover_enabled=&#8221;on|desktop&#8221; transform_skew__hover_enabled=&#8221;on|desktop&#8221; transform_origin__hover_enabled=&#8221;on|desktop&#8221; transform_scale__hover=&#8221;98%|98%&#8221; box_shadow_blur__hover_enabled=&#8221;on|hover&#8221; box_shadow_blur__hover=&#8221;10px&#8221; box_shadow_color__hover_enabled=&#8221;on|hover&#8221; box_shadow_color__hover=&#8221;rgba(0,0,0,0.5)&#8221; box_shadow_vertical__hover_enabled=&#8221;on|desktop&#8221; box_shadow_vertical__hover=&#8221;2px&#8221;][et_pb_text _builder_version=&#8221;4.9.2&#8243; header_3_font=&#8221;|600|||||||&#8221; header_3_text_align=&#8221;center&#8221; header_3_font_size=&#8221;20px&#8221; custom_padding=&#8221;|20px|20px|20px|false|false&#8221;]<\/p>\n<h3>Der intelligente K\u00fchlschrank, der nur dann k\u00fchlt, wenn Ihre G\u00e4ste ihn brauchen!<\/h3>\n<p>SmartFridge, ein innovatives neues Produkt von Minibar Systems, definiert die Komfort-K\u00e4ltetechnologie im Hotel neu und bietet Vorteile f\u00fcr G\u00e4ste und Hotels. \u00dcber das Bedienfeld k\u00f6nnen G\u00e4ste den K\u00fchlschrank bei Bedarf benutzen und bei Bedarf herunterfahren, wodurch bis zu 50% des angegebenen Energieverbrauchs eingespart werden. Hotels k\u00f6nnen ihren G\u00e4sten jetzt die Annehmlichkeiten bieten, die sie sich w\u00fcnschen, und von unserem grundlegenden Engagement f\u00fcr die Entwicklung nachhaltiger Produkte profitieren.<\/p>\n<p>[\/et_pb_text][\/et_pb_column][\/et_pb_row][et_pb_row column_structure=&#8221;1_3,1_3,1_3&#8243; use_custom_gutter=&#8221;on&#8221; gutter_width=&#8221;2&#8243; make_equal=&#8221;on&#8221; _builder_version=&#8221;4.9.2&#8243; _module_preset=&#8221;default&#8221; custom_margin=&#8221;-150px||||false|false&#8221; custom_padding=&#8221;25px|25px|25px|25px|false|false&#8221;][et_pb_column type=&#8221;1_3&#8243; _builder_version=&#8221;4.9.2&#8243; _module_preset=&#8221;b66a162a-221e-4048-8062-94504d914c5f&#8221;][et_pb_image src=&#8221;https:\/\/smartfridge.minibarsystems.com\/wp-content\/uploads\/2021\/03\/Guest_Fridge_Adjustable_Shelves.jpg&#8221; title_text=&#8221;Guest_Fridge_Adjustable_Shelves&#8221; _builder_version=&#8221;4.9.2&#8243; _module_preset=&#8221;default&#8221;][\/et_pb_image][et_pb_text _builder_version=&#8221;4.9.2&#8243; _module_preset=&#8221;default&#8221; text_orientation=&#8221;center&#8221; custom_padding=&#8221;|10px|10px|10px|false|false&#8221;]Verstellbare transparente Glasb\u00f6den[\/et_pb_text][\/et_pb_column][et_pb_column type=&#8221;1_3&#8243; _builder_version=&#8221;4.9.2&#8243; _module_preset=&#8221;b66a162a-221e-4048-8062-94504d914c5f&#8221;][et_pb_image src=&#8221;https:\/\/smartfridge.minibarsystems.com\/wp-content\/uploads\/2021\/03\/Guest_Fridge-TempSensor.png&#8221; title_text=&#8221;Guest_Fridge-TempSensor&#8221; _builder_version=&#8221;4.9.2&#8243; _module_preset=&#8221;default&#8221;][\/et_pb_image][et_pb_text _builder_version=&#8221;4.9.2&#8243; _module_preset=&#8221;default&#8221; text_orientation=&#8221;center&#8221; custom_padding=&#8221;|10px|10px|10px|false|false&#8221;]<\/p>\n<p>Eingebauter Temperatursensor<\/p>\n<p>[\/et_pb_text][\/et_pb_column][et_pb_column type=&#8221;1_3&#8243; _builder_version=&#8221;4.9.2&#8243; _module_preset=&#8221;b66a162a-221e-4048-8062-94504d914c5f&#8221;][et_pb_image src=&#8221;https:\/\/smartfridge.minibarsystems.com\/wp-content\/uploads\/2021\/03\/Guest_Fridge-LED_Lighting-1.jpg&#8221; title_text=&#8221;Guest_Fridge-LED_Lighting&#8221; _builder_version=&#8221;4.9.2&#8243; _module_preset=&#8221;default&#8221;][\/et_pb_image][et_pb_text _builder_version=&#8221;4.9.2&#8243; _module_preset=&#8221;default&#8221; text_orientation=&#8221;center&#8221; custom_padding=&#8221;|10px|10px|10px|false|false&#8221;]<\/p>\n<p>LED-Leuchte mit geringem Energieverbrauch<\/p>\n<p>[\/et_pb_text][\/et_pb_column][\/et_pb_row][\/et_pb_section][et_pb_section fb_built=&#8221;1&#8243; _builder_version=&#8221;4.9.2&#8243; _module_preset=&#8221;783607ad-fbcf-41b6-925a-c7f30d417632&#8243;][et_pb_row _builder_version=&#8221;4.4.7&#8243;][et_pb_column type=&#8221;4_4&#8243; _builder_version=&#8221;4.4.7&#8243;][et_pb_text _builder_version=&#8221;4.9.2&#8243; header_2_text_align=&#8221;center&#8221; header_2_text_color=&#8221;#ffffff&#8221; header_2_font_size=&#8221;36px&#8221; custom_margin=&#8221;||19px|||&#8221; header_2_font_size_tablet=&#8221;32px&#8221; header_2_font_size_phone=&#8221;30px&#8221; header_2_font_size_last_edited=&#8221;on|tablet&#8221;]<\/p>\n<h2>SmartFridge &#8211; BENUTZERSTEUERUNG<\/h2>\n<p>[\/et_pb_text][\/et_pb_column][\/et_pb_row][\/et_pb_section][et_pb_section fb_built=&#8221;1&#8243; admin_label=&#8221;GuestFridge Thermo About&#8221; _builder_version=&#8221;4.9.2&#8243; background_color=&#8221;#ffffff&#8221; use_background_color_gradient=&#8221;on&#8221; background_color_gradient_start=&#8221;rgba(255,255,255,0.9)&#8221; background_color_gradient_end=&#8221;rgba(255,255,255,0.9)&#8221; background_color_gradient_overlays_image=&#8221;on&#8221; background_image=&#8221;https:\/\/smartfridge.minibarsystems.com\/wp-content\/uploads\/2021\/03\/circuits-bgr-02.jpg&#8221; min_height=&#8221;691px&#8221; custom_padding=&#8221;75px||60px||false|false&#8221; custom_css_main_element=&#8221;background-repeat: no-repeat;||background-attachment: fixed;||background-position: center right;||background-size: initial;&#8221;][et_pb_row use_custom_gutter=&#8221;on&#8221; gutter_width=&#8221;2&#8243; make_equal=&#8221;on&#8221; _builder_version=&#8221;4.9.2&#8243; use_background_color_gradient=&#8221;on&#8221; background_color_gradient_start=&#8221;rgba(255,255,255,0.85)&#8221; background_color_gradient_end=&#8221;rgba(255,255,255,0.85)&#8221; background_color_gradient_overlays_image=&#8221;on&#8221; background_image=&#8221;https:\/\/smartfridge.minibarsystems.com\/wp-content\/uploads\/2021\/03\/brg-02.jpg&#8221; custom_margin=&#8221;0px||||false|false&#8221; custom_padding=&#8221;50px|25px|50px|25px|false|false&#8221; border_width_all=&#8221;2px&#8221; border_color_all=&#8221;#FFFFFF&#8221; box_shadow_style=&#8221;preset3&#8243;][et_pb_column type=&#8221;4_4&#8243; _builder_version=&#8221;4.9.2&#8243; transform_styles__hover_enabled=&#8221;on|hover&#8221; transform_scale__hover_enabled=&#8221;on|hover&#8221; transform_translate__hover_enabled=&#8221;on|desktop&#8221; transform_rotate__hover_enabled=&#8221;on|desktop&#8221; transform_skew__hover_enabled=&#8221;on|desktop&#8221; transform_origin__hover_enabled=&#8221;on|desktop&#8221; transform_scale__hover=&#8221;98%|98%&#8221; box_shadow_blur__hover_enabled=&#8221;on|hover&#8221; box_shadow_blur__hover=&#8221;10px&#8221; box_shadow_color__hover_enabled=&#8221;on|hover&#8221; box_shadow_color__hover=&#8221;rgba(0,0,0,0.5)&#8221; box_shadow_vertical__hover_enabled=&#8221;on|desktop&#8221; box_shadow_vertical__hover=&#8221;2px&#8221;][et_pb_image src=&#8221;https:\/\/smartfridge.minibarsystems.com\/wp-content\/uploads\/2021\/03\/SmartFridge_Features.png&#8221; title_text=&#8221;SmartFridge_Features&#8221; _builder_version=&#8221;4.9.2&#8243; _module_preset=&#8221;default&#8221; max_width=&#8221;800px&#8221; module_alignment=&#8221;center&#8221;][\/et_pb_image][\/et_pb_column][\/et_pb_row][\/et_pb_section][et_pb_section fb_built=&#8221;1&#8243; _builder_version=&#8221;4.9.2&#8243; _module_preset=&#8221;783607ad-fbcf-41b6-925a-c7f30d417632&#8243;][et_pb_row _builder_version=&#8221;4.4.7&#8243;][et_pb_column type=&#8221;4_4&#8243; _builder_version=&#8221;4.4.7&#8243;][et_pb_text _builder_version=&#8221;4.9.2&#8243; header_2_text_align=&#8221;center&#8221; header_2_text_color=&#8221;#ffffff&#8221; header_2_font_size=&#8221;36px&#8221; custom_margin=&#8221;||19px|||&#8221; header_2_font_size_tablet=&#8221;32px&#8221; header_2_font_size_phone=&#8221;30px&#8221; header_2_font_size_last_edited=&#8221;on|tablet&#8221;]<\/p>\n<h2>SmartFridge &#8211; T\u00dcRSTIL &amp; L\u00dcFTUNG<\/h2>\n<p>[\/et_pb_text][\/et_pb_column][\/et_pb_row][\/et_pb_section][et_pb_section fb_built=&#8221;1&#8243; _builder_version=&#8221;4.9.2&#8243; background_color=&#8221;#ffffff&#8221; use_background_color_gradient=&#8221;on&#8221; background_color_gradient_start=&#8221;rgba(255,255,255,0.9)&#8221; background_color_gradient_end=&#8221;rgba(255,255,255,0.9)&#8221; background_color_gradient_overlays_image=&#8221;on&#8221; background_image=&#8221;https:\/\/smartfridge.minibarsystems.com\/wp-content\/uploads\/2021\/03\/circuits-bgr-02.jpg&#8221; min_height=&#8221;691px&#8221; custom_padding=&#8221;75px||60px||false|false&#8221; custom_css_main_element=&#8221;background-repeat: no-repeat;||background-attachment: fixed;||background-position: center right;||background-size: initial;&#8221;][et_pb_row column_structure=&#8221;1_2,1_2&#8243; use_custom_gutter=&#8221;on&#8221; gutter_width=&#8221;2&#8243; make_equal=&#8221;on&#8221; _builder_version=&#8221;4.9.2&#8243; _module_preset=&#8221;default&#8221; use_background_color_gradient=&#8221;on&#8221; background_color_gradient_start=&#8221;rgba(255,255,255,0.85)&#8221; background_color_gradient_end=&#8221;rgba(255,255,255,0.85)&#8221; background_color_gradient_overlays_image=&#8221;on&#8221; background_image=&#8221;https:\/\/smartfridge.minibarsystems.com\/wp-content\/uploads\/2021\/03\/brg-02.jpg&#8221; custom_margin=&#8221;0px||||false|false&#8221; custom_padding=&#8221;50px|25px|30px|25px|false|false&#8221; border_color_all=&#8221;#FFFFFF&#8221; box_shadow_style=&#8221;preset3&#8243;][et_pb_column type=&#8221;1_2&#8243; _builder_version=&#8221;4.9.2&#8243; _module_preset=&#8221;b66a162a-221e-4048-8062-94504d914c5f&#8221; background_enable_color=&#8221;off&#8221; box_shadow_style=&#8221;none&#8221;][et_pb_image src=&#8221;https:\/\/smartfridge.minibarsystems.com\/wp-content\/uploads\/2021\/03\/GuestFridge-Vent_Specifications.png&#8221; title_text=&#8221;GuestFridge-Vent_Specifications&#8221; _builder_version=&#8221;4.9.2&#8243; _module_preset=&#8221;default&#8221;][\/et_pb_image][et_pb_text _builder_version=&#8221;4.9.2&#8243; _module_preset=&#8221;default&#8221; text_orientation=&#8221;center&#8221; custom_padding=&#8221;|10px|0px|10px|false|false&#8221;]<\/p>\n<h3>L\u00fcftungsspezifikationen<\/h3>\n<p>[\/et_pb_text][et_pb_text _builder_version=&#8221;4.9.2&#8243; _module_preset=&#8221;default&#8221; text_orientation=&#8221;center&#8221; custom_padding=&#8221;|10px|10px|10px|false|false&#8221;]<\/p>\n<p>F\u00fcr eine ordnungsgem\u00e4\u00dfe Bel\u00fcftung ist eine Mindest\u00f6ffnung von 200 cm2 (31 in2) f\u00fcr Einlass, Regalausschnitt und Auslass erforderlich.<\/p>\n<p>[\/et_pb_text][\/et_pb_column][et_pb_column type=&#8221;1_2&#8243; _builder_version=&#8221;4.9.2&#8243; _module_preset=&#8221;b66a162a-221e-4048-8062-94504d914c5f&#8221; background_enable_color=&#8221;off&#8221; box_shadow_style=&#8221;none&#8221;][et_pb_image src=&#8221;https:\/\/smartfridge.minibarsystems.com\/wp-content\/uploads\/2021\/03\/smartfridge-door-options.png&#8221; title_text=&#8221;Smartfridge-T\u00fcr-Optionen&#8221; _builder_version=&#8221;4.9.2&#8243; _module_preset=&#8221;default&#8221;][\/et_pb_image][et_pb_text _builder_version=&#8221;4.9.2&#8243; _module_preset=&#8221;default&#8221; text_orientation=&#8221;center&#8221; custom_padding=&#8221;|10px|0px|10px|false|false&#8221;]<\/p>\n<h3>T\u00fcroptionen<\/h3>\n<p>[\/et_pb_text][\/et_pb_column][\/et_pb_row][\/et_pb_section][et_pb_section fb_built=&#8221;1&#8243; _builder_version=&#8221;4.9.2&#8243; _module_preset=&#8221;783607ad-fbcf-41b6-925a-c7f30d417632&#8243;][et_pb_row _builder_version=&#8221;4.4.7&#8243;][et_pb_column type=&#8221;4_4&#8243; _builder_version=&#8221;4.4.7&#8243;][et_pb_text _builder_version=&#8221;4.9.2&#8243; header_2_text_align=&#8221;center&#8221; header_2_text_color=&#8221;#ffffff&#8221; header_2_font_size=&#8221;36px&#8221; custom_margin=&#8221;||19px|||&#8221; header_2_font_size_tablet=&#8221;32px&#8221; header_2_font_size_phone=&#8221;30px&#8221; header_2_font_size_last_edited=&#8221;on|tablet&#8221;]<\/p>\n<h2>SmartFridge &#8211; EIGENSCHAFTEN UND SPEZIFIKATIONEN<\/h2>\n<p>[\/et_pb_text][\/et_pb_column][\/et_pb_row][\/et_pb_section][et_pb_section fb_built=&#8221;1&#8243; _builder_version=&#8221;4.9.2&#8243; background_color=&#8221;#ffffff&#8221; use_background_color_gradient=&#8221;on&#8221; background_color_gradient_start=&#8221;rgba(255,255,255,0.9)&#8221; background_color_gradient_end=&#8221;rgba(255,255,255,0.9)&#8221; background_color_gradient_overlays_image=&#8221;on&#8221; background_image=&#8221;https:\/\/smartfridge.minibarsystems.com\/wp-content\/uploads\/2021\/03\/circuits-bgr-02.jpg&#8221; min_height=&#8221;691px&#8221; custom_padding=&#8221;75px||60px||false|false&#8221; custom_css_main_element=&#8221;background-repeat: no-repeat;||background-attachment: fixed;||background-position: center right;||background-size: initial;&#8221;][et_pb_row column_structure=&#8221;1_2,1_2&#8243; use_custom_gutter=&#8221;on&#8221; gutter_width=&#8221;2&#8243; make_equal=&#8221;on&#8221; _builder_version=&#8221;4.6.1&#8243; background_size=&#8221;contain&#8221; custom_margin=&#8221;0px||||false|false&#8221; custom_padding=&#8221;1px|||||&#8221; custom_css_main_element=&#8221;background-repeat: no-repeat;||background-attachment: fixed;||background-position: center right;||background-size: initial;&#8221; border_radii=&#8221;off|12px|12px||&#8221;][et_pb_column type=&#8221;1_2&#8243; _builder_version=&#8221;4.6.1&#8243; background_color=&#8221;#ffffff&#8221; custom_padding=&#8221;25px|25px|25px|25px|false|false&#8221; border_radii=&#8221;on|12px|12px|12px|12px&#8221; box_shadow_style=&#8221;preset3&#8243; transform_styles__hover_enabled=&#8221;on|hover&#8221; transform_scale__hover_enabled=&#8221;on|hover&#8221; transform_translate__hover_enabled=&#8221;on|desktop&#8221; transform_rotate__hover_enabled=&#8221;on|desktop&#8221; transform_skew__hover_enabled=&#8221;on|desktop&#8221; transform_origin__hover_enabled=&#8221;on|desktop&#8221; box_shadow_blur__hover_enabled=&#8221;off|hover&#8221; box_shadow_blur__hover=&#8221;10px&#8221; box_shadow_color__hover_enabled=&#8221;on|hover&#8221; box_shadow_color__hover=&#8221;rgba(0,0,0,0.5)&#8221; box_shadow_vertical__hover_enabled=&#8221;off|hover&#8221; box_shadow_vertical__hover=&#8221;2px&#8221;][et_pb_text _builder_version=&#8221;4.9.2&#8243; header_3_font=&#8221;|600|||||||&#8221; header_3_font_size=&#8221;20px&#8221;]<\/p>\n<h3>Standartfunktionen<\/h3>\n<ul>\n<li>ADA-konform<\/li>\n<li>Leise Kompressortechnologie<\/li>\n<li>Abnehmbare Regale f\u00fcr eine einfache Reinigung<\/li>\n<li>Gastbenutzer-Systemsteuerung<\/li>\n<li>Spart bis zu 50% Energieverbrauch<\/li>\n<li>W\u00e4rmed\u00e4mmung aus umweltfreundlichem Cyclopentan<\/li>\n<li>Starke T\u00fcrscharniere umr\u00fcstbar von links nach rechts<\/li>\n<li>Allround-Magnetdichtungen halten die T\u00fcr perfekt geschlossen<\/li>\n<li>Integrierter T\u00fcrgriff<\/li>\n<li>Dreifachglas-T\u00fcr<\/li>\n<li>Internes LED-Licht<\/li>\n<li>Automatisches Abtauen und selbstausf\u00fchrende Diagnosetests\n<\/li>\n<\/ul>\n<p><span style=\"font-size: .6em; line-height: .6;\">* * Bei Glast\u00fcren sind keine T\u00fcrst\u00e4nder verf\u00fcgbar<br \/>\n** Durchschnittlicher Energieverbrauch pro 24 Stunden bei 25 \u00b0 C Umgebungstemperatur und 7 \u00b0 C K\u00fchltemperatur gem\u00e4\u00df EN ISO 7371.<\/span>[\/et_pb_text][\/et_pb_column][et_pb_column type=&#8221;1_2&#8243; module_class=&#8221;fade-out-siblings&#8221; _builder_version=&#8221;4.6.1&#8243; background_color=&#8221;#ffffff&#8221; custom_padding=&#8221;25px|25px|25px|25px|false|false&#8221; border_radii=&#8221;on|12px|12px|12px|12px&#8221; box_shadow_style=&#8221;preset3&#8243; transform_styles__hover_enabled=&#8221;off|desktop&#8221; box_shadow_blur__hover=&#8221;10px&#8221; box_shadow_blur__hover_enabled=&#8221;off|desktop&#8221; box_shadow_color__hover=&#8221;rgba(0,0,0,0.5)&#8221; box_shadow_color__hover_enabled=&#8221;on|hover&#8221; box_shadow_vertical__hover=&#8221;2px&#8221; box_shadow_vertical__hover_enabled=&#8221;off|desktop&#8221; transform_scale__hover_enabled=&#8221;off|desktop&#8221; transform_translate__hover_enabled=&#8221;off|desktop&#8221; transform_rotate__hover_enabled=&#8221;off|desktop&#8221; transform_skew__hover_enabled=&#8221;off|desktop&#8221; transform_origin__hover_enabled=&#8221;off|desktop&#8221;][et_pb_text _builder_version=&#8221;4.9.2&#8243; header_3_font=&#8221;|600|||||||&#8221; header_3_font_size=&#8221;20px&#8221;]<\/p>\n<h3>Technische Spezifikationen<\/h3>\n<p>[\/et_pb_text][et_pb_image src=&#8221;https:\/\/smartfridge.minibarsystems.com\/wp-content\/uploads\/2021\/03\/SmartFridge-Specs.jpg&#8221; title_text=&#8221;SmartFridge-Spezifikationen&#8221; _builder_version=&#8221;4.9.2&#8243; _module_preset=&#8221;default&#8221;][\/et_pb_image][\/et_pb_column][\/et_pb_row][\/et_pb_section][et_pb_section fb_built=&#8221;1&#8243; _builder_version=&#8221;4.9.2&#8243; background_color=&#8221;#7D6954&#8243; min_height=&#8221;11px&#8221; custom_padding=&#8221;50px||50px||false|false&#8221; box_shadow_style=&#8221;preset6&#8243;][et_pb_row column_structure=&#8221;1_2,1_2&#8243; use_custom_gutter=&#8221;on&#8221; gutter_width=&#8221;2&#8243; make_equal=&#8221;on&#8221; _builder_version=&#8221;4.4.7&#8243; min_height=&#8221;60px&#8221; custom_padding=&#8221;3px||14px|||&#8221; scroll_scaling_enable=&#8221;on&#8221; scroll_scaling=&#8221;0|25|25|50|70|80%|100&#8243;][et_pb_column type=&#8221;1_2&#8243; module_class=&#8221;ds-vertical-align&#8221; _builder_version=&#8221;4.4.7&#8243;][et_pb_image src=&#8221;https:\/\/smartfridge.minibarsystems.com\/wp-content\/uploads\/2021\/03\/SmartFridge-Presentation_Cover.jpg&#8221; title_text=&#8221;SmartFridge-Presentation_Cover&#8221; url=&#8221;https:\/\/smartfridge.minibarsystems.com\/wp-content\/uploads\/2021\/03\/SmartFridge_Presentation.pdf&#8221; url_new_window=&#8221;on&#8221; align=&#8221;right&#8221; align_tablet=&#8221;center&#8221; align_phone=&#8221;&#8221; align_last_edited=&#8221;on|phone&#8221; _builder_version=&#8221;4.9.2&#8243; _module_preset=&#8221;default&#8221; max_width=&#8221;375px&#8221; border_width_all=&#8221;1px&#8221; border_color_all=&#8221;#dfeef7&#8243; box_shadow_style=&#8221;preset3&#8243;][\/et_pb_image][\/et_pb_column][et_pb_column type=&#8221;1_2&#8243; module_class=&#8221;ds-vertical-align&#8221; _builder_version=&#8221;4.4.7&#8243;][et_pb_button button_url=&#8221;https:\/\/smartfridge.minibarsystems.com\/wp-content\/uploads\/2021\/03\/SmartFridge_Presentation.pdf&#8221; url_new_window=&#8221;on&#8221; button_text=&#8221;PR\u00c4SENTATION ANZEIGEN&#8221; button_alignment_tablet=&#8221;center&#8221; button_alignment_phone=&#8221;&#8221; button_alignment_last_edited=&#8221;on|tablet&#8221; _builder_version=&#8221;4.9.2&#8243; button_bg_color=&#8221;#A38E7C&#8221; button_border_width=&#8221;1px&#8221; button_border_color=&#8221;#777777&#8243; button_icon=&#8221;%%147%%&#8221; button_text_color__hover_enabled=&#8221;on|desktop&#8221; button_text_color__hover=&#8221;#ffffff&#8221; button_bg_color__hover_enabled=&#8221;on|hover&#8221; button_bg_color__hover=&#8221;#aaaaaa&#8221; button_border_color__hover_enabled=&#8221;on|hover&#8221; button_bg_enable_color__hover=&#8221;on&#8221;][\/et_pb_button][\/et_pb_column][\/et_pb_row][\/et_pb_section]<\/p>\n","protected":false},"excerpt":{"rendered":"<p>SmartFridge G\u00e4stek\u00fchlschrank f\u00fcr den pers\u00f6nlichen GebrauchSmartFridge &#8211; \u00dcBERDer intelligente K\u00fchlschrank, der nur dann k\u00fchlt, wenn Ihre G\u00e4ste ihn brauchen! SmartFridge, ein innovatives neues Produkt von Minibar Systems, definiert die Komfort-K\u00e4ltetechnologie im Hotel neu und bietet Vorteile f\u00fcr G\u00e4ste und Hotels. \u00dcber das Bedienfeld k\u00f6nnen G\u00e4ste den K\u00fchlschrank bei Bedarf benutzen und bei Bedarf herunterfahren, wodurch [&hellip;]<\/p>\n","protected":false},"author":5,"featured_media":0,"parent":0,"menu_order":0,"comment_status":"closed","ping_status":"closed","template":"","meta":{"_et_pb_use_builder":"on","_et_pb_old_content":"","_et_gb_content_width":"","footnotes":""},"class_list":["post-1566","page","type-page","status-publish","hentry"],"_links":{"self":[{"href":"https:\/\/smartfridge.minibarsystems.com\/de\/wp-json\/wp\/v2\/pages\/1566","targetHints":{"allow":["GET"]}}],"collection":[{"href":"https:\/\/smartfridge.minibarsystems.com\/de\/wp-json\/wp\/v2\/pages"}],"about":[{"href":"https:\/\/smartfridge.minibarsystems.com\/de\/wp-json\/wp\/v2\/types\/page"}],"author":[{"embeddable":true,"href":"https:\/\/smartfridge.minibarsystems.com\/de\/wp-json\/wp\/v2\/users\/5"}],"replies":[{"embeddable":true,"href":"https:\/\/smartfridge.minibarsystems.com\/de\/wp-json\/wp\/v2\/comments?post=1566"}],"version-history":[{"count":10,"href":"https:\/\/smartfridge.minibarsystems.com\/de\/wp-json\/wp\/v2\/pages\/1566\/revisions"}],"predecessor-version":[{"id":1618,"href":"https:\/\/smartfridge.minibarsystems.com\/de\/wp-json\/wp\/v2\/pages\/1566\/revisions\/1618"}],"wp:attachment":[{"href":"https:\/\/smartfridge.minibarsystems.com\/de\/wp-json\/wp\/v2\/media?parent=1566"}],"curies":[{"name":"wp","href":"https:\/\/api.w.org\/{rel}","templated":true}]}}