{"id":1575,"date":"2021-04-20T03:18:22","date_gmt":"2021-04-20T03:18:22","guid":{"rendered":"https:\/\/smartfridge.minibarsystems.com\/a-propos-de-guestfridge\/"},"modified":"2021-05-07T00:37:36","modified_gmt":"2021-05-07T00:37:36","slug":"a-propos-de-guestfridge","status":"publish","type":"page","link":"https:\/\/smartfridge.minibarsystems.com\/fr\/a-propos-de-guestfridge\/","title":{"rendered":"\u00c0 propos de SmartFridge"},"content":{"rendered":"<p>[et_pb_section fb_built=&#8221;1&#8243; _builder_version=&#8221;4.9.2&#8243; _module_preset=&#8221;783607ad-fbcf-41b6-925a-c7f30d417632&#8243;][et_pb_row _builder_version=&#8221;4.4.7&#8243;][et_pb_column type=&#8221;4_4&#8243; _builder_version=&#8221;4.4.7&#8243;][et_pb_text _builder_version=&#8221;4.9.2&#8243; header_2_text_align=&#8221;center&#8221; header_2_text_color=&#8221;#ffffff&#8221; header_2_font_size=&#8221;36px&#8221; custom_margin=&#8221;||19px|||&#8221; header_2_font_size_tablet=&#8221;32px&#8221; header_2_font_size_phone=&#8221;30px&#8221; header_2_font_size_last_edited=&#8221;on|tablet&#8221;]<\/p>\n<h2>SmartFridge &#8211; \u00c0 PROPOS<\/h2>\n<p>[\/et_pb_text][\/et_pb_column][\/et_pb_row][\/et_pb_section][et_pb_section fb_built=&#8221;1&#8243; _builder_version=&#8221;4.9.2&#8243; background_color=&#8221;#ffffff&#8221; use_background_color_gradient=&#8221;on&#8221; background_color_gradient_start=&#8221;rgba(255,255,255,0.9)&#8221; background_color_gradient_end=&#8221;rgba(255,255,255,0.9)&#8221; background_color_gradient_overlays_image=&#8221;on&#8221; background_image=&#8221;https:\/\/smartfridge.minibarsystems.com\/wp-content\/uploads\/2021\/03\/circuits-bgr-02.jpg&#8221; min_height=&#8221;691px&#8221; custom_padding=&#8221;75px||60px||false|false&#8221; custom_css_main_element=&#8221;background-repeat: no-repeat;||background-attachment: fixed;||background-position: center right;||background-size: initial;&#8221;][et_pb_row use_custom_gutter=&#8221;on&#8221; gutter_width=&#8221;2&#8243; make_equal=&#8221;on&#8221; _builder_version=&#8221;4.9.2&#8243; use_background_color_gradient=&#8221;on&#8221; background_color_gradient_start=&#8221;rgba(255,255,255,0.85)&#8221; background_color_gradient_end=&#8221;rgba(255,255,255,0.85)&#8221; background_color_gradient_overlays_image=&#8221;on&#8221; background_image=&#8221;https:\/\/smartfridge.minibarsystems.com\/wp-content\/uploads\/2021\/03\/brg-02.jpg&#8221; custom_margin=&#8221;0px||||false|false&#8221; custom_padding=&#8221;50px|25px|150px|25px|false|false&#8221; hover_enabled=&#8221;0&#8243; border_width_all=&#8221;2px&#8221; border_color_all=&#8221;#FFFFFF&#8221; box_shadow_style=&#8221;preset3&#8243; sticky_enabled=&#8221;0&#8243;][et_pb_column type=&#8221;4_4&#8243; _builder_version=&#8221;4.9.2&#8243; box_shadow_blur__hover_enabled=&#8221;on|hover&#8221; box_shadow_blur__hover=&#8221;10px&#8221; box_shadow_color__hover_enabled=&#8221;on|hover&#8221; box_shadow_color__hover=&#8221;rgba(0,0,0,0.5)&#8221; box_shadow_vertical__hover_enabled=&#8221;on|desktop&#8221; box_shadow_vertical__hover=&#8221;2px&#8221; hover_enabled=&#8221;0&#8243; sticky_enabled=&#8221;0&#8243;][et_pb_text _builder_version=&#8221;4.9.2&#8243; header_3_font=&#8221;|600|||||||&#8221; header_3_text_align=&#8221;center&#8221; header_3_font_size=&#8221;20px&#8221; custom_padding=&#8221;|20px|20px|20px|false|false&#8221; hover_enabled=&#8221;0&#8243; sticky_enabled=&#8221;0&#8243;]<\/p>\n<h3>Le r\u00e9frig\u00e9rateur intelligent qui ne refroidit que lorsque vos invit\u00e9s en ont besoin!<\/h3>\n<p>SmartFridge, un nouveau produit innovant de Minibar Systems, red\u00e9finit la technologie de r\u00e9frig\u00e9ration dans les chambres des h\u00f4tels avec des avantages pour les clients et les h\u00f4tels. Le panneau de commande permet aux clients d&#8217;utiliser le r\u00e9frig\u00e9rateur en cas de besoin et peut \u00eatre arr\u00eat\u00e9 lorsqu&#8217;il n&#8217;est pas n\u00e9cessaire, ce qui permet d&#8217;\u00e9conomiser jusqu&#8217;\u00e0 50% de la consommation d&#8217;\u00e9nergie sp\u00e9cifi\u00e9e. Les h\u00f4tels sont d\u00e9sormais en mesure d&#8217;offrir \u00e0 leurs clients les prestations qu&#8217;ils demandent et de b\u00e9n\u00e9ficier de notre engagement fondamental \u00e0 d\u00e9velopper des produits durables.<\/p>\n<p>[\/et_pb_text][\/et_pb_column][\/et_pb_row][et_pb_row column_structure=&#8221;1_3,1_3,1_3&#8243; use_custom_gutter=&#8221;on&#8221; gutter_width=&#8221;2&#8243; make_equal=&#8221;on&#8221; _builder_version=&#8221;4.9.2&#8243; _module_preset=&#8221;default&#8221; custom_margin=&#8221;-150px||||false|false&#8221; custom_padding=&#8221;25px|25px|25px|25px|false|false&#8221;][et_pb_column type=&#8221;1_3&#8243; _builder_version=&#8221;4.9.2&#8243; _module_preset=&#8221;b66a162a-221e-4048-8062-94504d914c5f&#8221;][et_pb_image src=&#8221;https:\/\/smartfridge.minibarsystems.com\/wp-content\/uploads\/2021\/03\/Guest_Fridge_Adjustable_Shelves.jpg&#8221; title_text=&#8221;Guest_Fridge_Adjustable_Shelves&#8221; _builder_version=&#8221;4.9.2&#8243; _module_preset=&#8221;default&#8221;][\/et_pb_image][et_pb_text _builder_version=&#8221;4.9.2&#8243; _module_preset=&#8221;default&#8221; text_orientation=&#8221;center&#8221; custom_padding=&#8221;|10px|10px|10px|false|false&#8221;]\u00c9tag\u00e8res en verre transparent r\u00e9glables[\/et_pb_text][\/et_pb_column][et_pb_column type=&#8221;1_3&#8243; _builder_version=&#8221;4.9.2&#8243; _module_preset=&#8221;b66a162a-221e-4048-8062-94504d914c5f&#8221;][et_pb_image src=&#8221;https:\/\/smartfridge.minibarsystems.com\/wp-content\/uploads\/2021\/03\/Guest_Fridge-TempSensor.png&#8221; title_text=&#8221;Guest_Fridge-TempSensor&#8221; _builder_version=&#8221;4.9.2&#8243; _module_preset=&#8221;default&#8221;][\/et_pb_image][et_pb_text _builder_version=&#8221;4.9.2&#8243; _module_preset=&#8221;default&#8221; text_orientation=&#8221;center&#8221; custom_padding=&#8221;|10px|10px|10px|false|false&#8221;]<\/p>\n<p>Sonde de capteur de temp\u00e9rature int\u00e9gr\u00e9e<\/p>\n<p>[\/et_pb_text][\/et_pb_column][et_pb_column type=&#8221;1_3&#8243; _builder_version=&#8221;4.9.2&#8243; _module_preset=&#8221;b66a162a-221e-4048-8062-94504d914c5f&#8221;][et_pb_image src=&#8221;https:\/\/smartfridge.minibarsystems.com\/wp-content\/uploads\/2021\/03\/Guest_Fridge-LED_Lighting-1.jpg&#8221; title_text=&#8221;Guest_Fridge-LED_Lighting&#8221; _builder_version=&#8221;4.9.2&#8243; _module_preset=&#8221;default&#8221;][\/et_pb_image][et_pb_text _builder_version=&#8221;4.9.2&#8243; _module_preset=&#8221;default&#8221; text_orientation=&#8221;center&#8221; custom_padding=&#8221;|10px|10px|10px|false|false&#8221;]<\/p>\n<p>\u00c9clairage LED \u00e0 faible consommation d&#8217;\u00e9nergie<\/p>\n<p>[\/et_pb_text][\/et_pb_column][\/et_pb_row][\/et_pb_section]<\/p>\n","protected":false},"excerpt":{"rendered":"<p>SmartFridge &#8211; \u00c0 PROPOSLe r\u00e9frig\u00e9rateur intelligent qui ne refroidit que lorsque vos invit\u00e9s en ont besoin! SmartFridge, un nouveau produit innovant de Minibar Systems, red\u00e9finit la technologie de r\u00e9frig\u00e9ration dans les chambres des h\u00f4tels avec des avantages pour les clients et les h\u00f4tels. Le panneau de commande permet aux clients d&#8217;utiliser le r\u00e9frig\u00e9rateur en cas [&hellip;]<\/p>\n","protected":false},"author":5,"featured_media":0,"parent":0,"menu_order":0,"comment_status":"closed","ping_status":"closed","template":"","meta":{"_et_pb_use_builder":"on","_et_pb_old_content":"","_et_gb_content_width":"","footnotes":""},"class_list":["post-1575","page","type-page","status-publish","hentry"],"_links":{"self":[{"href":"https:\/\/smartfridge.minibarsystems.com\/fr\/wp-json\/wp\/v2\/pages\/1575","targetHints":{"allow":["GET"]}}],"collection":[{"href":"https:\/\/smartfridge.minibarsystems.com\/fr\/wp-json\/wp\/v2\/pages"}],"about":[{"href":"https:\/\/smartfridge.minibarsystems.com\/fr\/wp-json\/wp\/v2\/types\/page"}],"author":[{"embeddable":true,"href":"https:\/\/smartfridge.minibarsystems.com\/fr\/wp-json\/wp\/v2\/users\/5"}],"replies":[{"embeddable":true,"href":"https:\/\/smartfridge.minibarsystems.com\/fr\/wp-json\/wp\/v2\/comments?post=1575"}],"version-history":[{"count":7,"href":"https:\/\/smartfridge.minibarsystems.com\/fr\/wp-json\/wp\/v2\/pages\/1575\/revisions"}],"predecessor-version":[{"id":1701,"href":"https:\/\/smartfridge.minibarsystems.com\/fr\/wp-json\/wp\/v2\/pages\/1575\/revisions\/1701"}],"wp:attachment":[{"href":"https:\/\/smartfridge.minibarsystems.com\/fr\/wp-json\/wp\/v2\/media?parent=1575"}],"curies":[{"name":"wp","href":"https:\/\/api.w.org\/{rel}","templated":true}]}}